{"id":150,"date":"2020-04-27T21:28:42","date_gmt":"2020-04-27T19:28:42","guid":{"rendered":"https:\/\/ryancv-demo.bslthemes.com\/?page_id=29"},"modified":"2023-01-27T11:10:22","modified_gmt":"2023-01-27T10:10:22","slug":"about-2","status":"publish","type":"page","link":"https:\/\/wolfgang-linz.de\/","title":{"rendered":"\u00dcber Mich (Elementor)"},"content":{"rendered":"\t\t<div data-elementor-type=\"wp-page\" data-elementor-id=\"150\" class=\"elementor elementor-150\">\n\t\t\t\t\t\t<section class=\"elementor-section elementor-top-section elementor-element elementor-element-1368f2f elementor-section-full_width elementor-section-height-default elementor-section-height-default\" data-id=\"1368f2f\" data-element_type=\"section\" data-e-type=\"section\">\n\t\t\t\t\t\t<div class=\"elementor-container elementor-column-gap-no\">\n\t\t\t\t\t<div class=\"elementor-column elementor-col-100 elementor-top-column elementor-element elementor-element-8d69b8b\" data-id=\"8d69b8b\" data-element_type=\"column\" data-e-type=\"column\">\n\t\t\t<div class=\"elementor-widget-wrap elementor-element-populated\">\n\t\t\t\t\t\t<div class=\"elementor-element elementor-element-b939dc4 elementor-widget elementor-widget-ryancv-about-me\" data-id=\"b939dc4\" data-element_type=\"widget\" data-e-type=\"widget\" data-widget_type=\"ryancv-about-me.default\">\n\t\t\t\t<div class=\"elementor-widget-container\">\n\t\t\t\t\t\n\t\t<!-- About -->\n\t\t<div class=\"content about\">\n\n\t\t\t\t\t\t<!-- title -->\n\t\t\t<div class=\"title\">\n\t\t\t\t<span >\u00dcber mich<\/span>\n\t\t\t<\/div>\n\t\t\t\n\t\t\t<!-- content -->\n\t\t\t<div class=\"row\">\n\t\t\t\t\n\t\t\t\t\t\t\t\t<div class=\"col col-d-6 col-t-12 col-m-12 border-line-v\">\n\t\t\t\t\t<div class=\"text-box\">\n\t\t\t\t\t\t<div ><p><strong>Hallo! Ich bin Wolfgang Linz.<\/strong><br \/>Seit nun mehr als 21 Jahren code ich aus Leidenschaft die verschiedensten Projekte. Mein gr\u00f6\u00dftes Ziel ist es, mein Wissen auszubauen und im Beruf einsetzen zu k\u00f6nnen.<\/p><\/div>\n\t\t\t\t\t<\/div>\n\t\t\t\t<\/div>\n\t\t\t\t\n\t\t\t\t\t\t\t\t<div class=\"col col-d-6 col-t-12 col-m-12 border-line-v\">\n\t\t\t\t\t<div class=\"info-list\">\n\t\t\t\t\t\t<ul>\n\t\t\t\t\t\t\t\t\t\t\t\t\t\t<li>\n\t\t\t\t\t\t\t\t<strong>\n\t\t\t\t\t\t\t\t\t<span >\n\t\t\t\t\t\t\t\t\t\tALTER:\t\t\t\t\t\t\t\t\t<\/span>\n\t\t\t\t\t\t\t\t<\/strong>\n\t\t\t\t\t\t\t\t<span >\n\t\t\t\t\t\t\t\t\t38\t\t\t\t\t\t\t\t<\/span>\n\t\t\t\t\t\t\t<\/li>\n\t\t\t\t\t\t\t\t\t\t\t\t\t\t<li>\n\t\t\t\t\t\t\t\t<strong>\n\t\t\t\t\t\t\t\t\t<span >\n\t\t\t\t\t\t\t\t\t\tWohnsitz:\t\t\t\t\t\t\t\t\t<\/span>\n\t\t\t\t\t\t\t\t<\/strong>\n\t\t\t\t\t\t\t\t<span >\n\t\t\t\t\t\t\t\t\tPenzberg, Bayern\t\t\t\t\t\t\t\t<\/span>\n\t\t\t\t\t\t\t<\/li>\n\t\t\t\t\t\t\t\t\t\t\t\t\t<\/ul>\n\t\t\t\t\t<\/div>\n\t\t\t\t<\/div>\n\t\t\t\t\n\t\t\t\t<div class=\"clear\"><\/div>\n\t\t\t<\/div>\n\n\t\t<\/div>\n\n\t\t\t\t\t\t<\/div>\n\t\t\t\t<\/div>\n\t\t\t\t\t<\/div>\n\t\t<\/div>\n\t\t\t\t\t<\/div>\n\t\t<\/section>\n\t\t\t\t<section class=\"elementor-section elementor-top-section elementor-element elementor-element-ac2a78f elementor-section-full_width elementor-section-height-default elementor-section-height-default\" data-id=\"ac2a78f\" data-element_type=\"section\" data-e-type=\"section\">\n\t\t\t\t\t\t<div class=\"elementor-container elementor-column-gap-no\">\n\t\t\t\t\t<div class=\"elementor-column elementor-col-100 elementor-top-column elementor-element elementor-element-15d3f26\" data-id=\"15d3f26\" data-element_type=\"column\" data-e-type=\"column\">\n\t\t\t<div class=\"elementor-widget-wrap elementor-element-populated\">\n\t\t\t\t\t\t<div class=\"elementor-element elementor-element-7412363 elementor-widget elementor-widget-ryancv-services\" data-id=\"7412363\" data-element_type=\"widget\" data-e-type=\"widget\" data-widget_type=\"ryancv-services.default\">\n\t\t\t\t<div class=\"elementor-widget-container\">\n\t\t\t\t\t\n\t\t<!-- Services -->\n\t\t<div class=\"content services\">\n\n\t\t\t\t\t\t<!-- title -->\n\t\t\t<div class=\"title\">\n\t\t\t\t<span >Meine Specs<\/span>\n\t\t\t<\/div>\n\t\t\t\n\t\t\t\t\t\t<!-- content -->\n\t\t\t<div class=\"row service-items border-line-v\">\n\n\t\t\t\t\t\t\t\t<!-- service item -->\n\t\t\t\t<div class=\"col col-d-6 col-t-6 col-m-12 border-line-h\">\n\t\t\t\t\t<div class=\"service-item\">\n\t\t\t\t\t\t\t\t\t\t\t\t\t<div class=\"icon\">\n                \t\t\t\t\t\t\t\t<span class=\"fa fa-html5\"><\/span>\n                \t\t\t\t\t\t\t<\/div>\n\t\t\t\t\t\t\t\t\t\t\t\t\t\t\t\t\t\t\t<div class=\"name\">\n\t\t\t\t\t\t\t\t<span >\n\t\t\t\t\t\t\t\t\tFront-end Development\t\t\t\t\t\t\t\t<\/span>\n\t\t\t\t\t\t\t<\/div>\n\t\t\t\t\t\t\t\t\t\t\t\t\t\t\t\t\t\t\t<div class=\"desc\">\n\t\t\t\t\t\t\t\t<div >\n\t\t\t\t\t\t\t\t\t<p>Moderne, responsive Designs.<\/p>\t\t\t\t\t\t\t\t<\/div>\n\t\t\t\t\t\t\t<\/div>\n\t\t\t\t\t\t\t\t\t\t\t<\/div>\n\t\t\t\t<\/div>\n\t\t\t\t\t\t\t\t<!-- service item -->\n\t\t\t\t<div class=\"col col-d-6 col-t-6 col-m-12 border-line-h\">\n\t\t\t\t\t<div class=\"service-item\">\n\t\t\t\t\t\t\t\t\t\t\t\t\t<div class=\"icon\">\n                \t\t\t\t\t\t\t\t<span class=\"fa fa-code\"><\/span>\n                \t\t\t\t\t\t\t<\/div>\n\t\t\t\t\t\t\t\t\t\t\t\t\t\t\t\t\t\t\t<div class=\"name\">\n\t\t\t\t\t\t\t\t<span >\n\t\t\t\t\t\t\t\t\tBack-End Development\t\t\t\t\t\t\t\t<\/span>\n\t\t\t\t\t\t\t<\/div>\n\t\t\t\t\t\t\t\t\t\t\t\t\t\t\t\t\t\t\t<div class=\"desc\">\n\t\t\t\t\t\t\t\t<div >\n\t\t\t\t\t\t\t\t\t<p>Rest-API's, Datenbankabfragen.<\/p>\t\t\t\t\t\t\t\t<\/div>\n\t\t\t\t\t\t\t<\/div>\n\t\t\t\t\t\t\t\t\t\t\t<\/div>\n\t\t\t\t<\/div>\n\t\t\t\t\t\t\t\t<!-- service item -->\n\t\t\t\t<div class=\"col col-d-6 col-t-6 col-m-12 border-line-h\">\n\t\t\t\t\t<div class=\"service-item\">\n\t\t\t\t\t\t\t\t\t\t\t\t\t<div class=\"icon\">\n                \t\t\t\t\t\t\t\t<span class=\"fa fa-server\"><\/span>\n                \t\t\t\t\t\t\t<\/div>\n\t\t\t\t\t\t\t\t\t\t\t\t\t\t\t\t\t\t\t<div class=\"name\">\n\t\t\t\t\t\t\t\t<span >\n\t\t\t\t\t\t\t\t\tSystemadministration\t\t\t\t\t\t\t\t<\/span>\n\t\t\t\t\t\t\t<\/div>\n\t\t\t\t\t\t\t\t\t\t\t\t\t\t\t\t\t\t\t<div class=\"desc\">\n\t\t\t\t\t\t\t\t<div >\n\t\t\t\t\t\t\t\t\t<p>Verwaltung von Servern, Clustern und Netzwerken.<\/p>\t\t\t\t\t\t\t\t<\/div>\n\t\t\t\t\t\t\t<\/div>\n\t\t\t\t\t\t\t\t\t\t\t<\/div>\n\t\t\t\t<\/div>\n\t\t\t\t\t\t\t\t<!-- service item -->\n\t\t\t\t<div class=\"col col-d-6 col-t-6 col-m-12 border-line-h\">\n\t\t\t\t\t<div class=\"service-item\">\n\t\t\t\t\t\t\t\t\t\t\t\t\t<div class=\"icon\">\n                \t\t\t\t\t\t\t\t<span class=\"fa fa-wrench\"><\/span>\n                \t\t\t\t\t\t\t<\/div>\n\t\t\t\t\t\t\t\t\t\t\t\t\t\t\t\t\t\t\t<div class=\"name\">\n\t\t\t\t\t\t\t\t<span >\n\t\t\t\t\t\t\t\t\tTechnische Aufgaben\t\t\t\t\t\t\t\t<\/span>\n\t\t\t\t\t\t\t<\/div>\n\t\t\t\t\t\t\t\t\t\t\t\t\t\t\t\t\t\t\t<div class=\"desc\">\n\t\t\t\t\t\t\t\t<div >\n\t\t\t\t\t\t\t\t\t<p>Technisches know-how zum Entwickeln von Schaltungen und codebasierten Steuerungen.<\/p>\t\t\t\t\t\t\t\t<\/div>\n\t\t\t\t\t\t\t<\/div>\n\t\t\t\t\t\t\t\t\t\t\t<\/div>\n\t\t\t\t<\/div>\n\t\t\t\t\t\t\t<\/div>\n\n\t\t\t<div class=\"clear\"><\/div>\n\n\t\t\t\n\t\t<\/div>\n\n\t\t\t\t\t\t<\/div>\n\t\t\t\t<\/div>\n\t\t\t\t\t<\/div>\n\t\t<\/div>\n\t\t\t\t\t<\/div>\n\t\t<\/section>\n\t\t\t\t<section class=\"elementor-section elementor-top-section elementor-element elementor-element-105de16 elementor-section-boxed elementor-section-height-default elementor-section-height-default\" data-id=\"105de16\" data-element_type=\"section\" data-e-type=\"section\">\n\t\t\t\t\t\t<div class=\"elementor-container elementor-column-gap-default\">\n\t\t\t\t\t<div class=\"elementor-column elementor-col-100 elementor-top-column elementor-element elementor-element-99de966\" data-id=\"99de966\" data-element_type=\"column\" data-e-type=\"column\">\n\t\t\t<div class=\"elementor-widget-wrap elementor-element-populated\">\n\t\t\t\t\t\t<div class=\"elementor-element elementor-element-e83437b elementor-widget elementor-widget-ryancv-about-me\" data-id=\"e83437b\" data-element_type=\"widget\" data-e-type=\"widget\" data-widget_type=\"ryancv-about-me.default\">\n\t\t\t\t<div class=\"elementor-widget-container\">\n\t\t\t\t\t\n\t\t<!-- About -->\n\t\t<div class=\"content about\">\n\n\t\t\t\t\t\t<!-- title -->\n\t\t\t<div class=\"title\">\n\t\t\t\t<span >Unterst\u00fctze mich<\/span>\n\t\t\t<\/div>\n\t\t\t\n\t\t\t<!-- content -->\n\t\t\t<div class=\"row\">\n\t\t\t\t\n\t\t\t\t\t\t\t\t<div class=\"col col-d-6 col-t-12 col-m-12 border-line-v\">\n\t\t\t\t\t<div class=\"text-box\">\n\t\t\t\t\t\t<div ><p>Unterst\u00fctze meine Arbeit und spendiere mir einen Kaffee:<\/p>\n<p><a href=\"https:\/\/buymeacoffee.com\/wolfganglinz\" target=\"_blank\" rel=\"noopener\">https:\/\/buymeacoffee.com\/wolfganglinz<\/a><\/p><\/div>\n\t\t\t\t\t<\/div>\n\t\t\t\t<\/div>\n\t\t\t\t\n\t\t\t\t\n\t\t\t\t<div class=\"clear\"><\/div>\n\t\t\t<\/div>\n\n\t\t<\/div>\n\n\t\t\t\t\t\t<\/div>\n\t\t\t\t<\/div>\n\t\t\t\t\t<\/div>\n\t\t<\/div>\n\t\t\t\t\t<\/div>\n\t\t<\/section>\n\t\t\t\t<section class=\"elementor-section elementor-top-section elementor-element elementor-element-18b4760 elementor-section-full_width elementor-section-height-default elementor-section-height-default\" data-id=\"18b4760\" data-element_type=\"section\" data-e-type=\"section\">\n\t\t\t\t\t\t<div class=\"elementor-container elementor-column-gap-no\">\n\t\t\t\t\t<div class=\"elementor-column elementor-col-100 elementor-top-column elementor-element elementor-element-094a289\" data-id=\"094a289\" data-element_type=\"column\" data-e-type=\"column\">\n\t\t\t<div class=\"elementor-widget-wrap elementor-element-populated\">\n\t\t\t\t\t\t<div class=\"elementor-element elementor-element-35e1624 elementor-widget elementor-widget-ryancv-fun-facts\" data-id=\"35e1624\" data-element_type=\"widget\" data-e-type=\"widget\" data-widget_type=\"ryancv-fun-facts.default\">\n\t\t\t\t<div class=\"elementor-widget-container\">\n\t\t\t\t\t\n\t\t<!-- Fun Fact -->\n\t\t<div class=\"content fuct\">\n\n\t\t\t\t\t\t<!-- title -->\n\t\t\t<div class=\"title\">\n\t\t\t\t<span >Fun Facts<\/span>\n\t\t\t<\/div>\n\t\t\t\n\t\t\t\t\t\t<!-- content -->\n\t\t\t<div class=\"row fuct-items\">\n\n\t\t\t\t\t\t\t\t<!-- fuct item -->\n\t\t\t\t<div class=\"col col-d-3 col-t-3 col-m-6 border-line-v\">\n\t\t\t\t\t<div class=\"fuct-item\">\n\t\t\t\t\t\t\t\t\t\t\t\t<div class=\"icon\">\n                              <span class=\"fa fa-server\"><\/span>\n              \t\t\t\t\t\t<\/div>\n\t\t\t\t\t\t\t\t\t\t\t\t\t\t\t\t\t\t<div class=\"name\">\n\t\t\t\t\t\t\t<span >\n\t\t\t\t\t\t\t\t37 VMs gehosted\t\t\t\t\t\t\t<\/span>\n\t\t\t\t\t\t<\/div>\n\t\t\t\t\t\t\t\t\t\t\t<\/div>\n\t\t\t\t<\/div>\n\t\t\t\t\t\t\t\t<!-- fuct item -->\n\t\t\t\t<div class=\"col col-d-3 col-t-3 col-m-6 border-line-v\">\n\t\t\t\t\t<div class=\"fuct-item\">\n\t\t\t\t\t\t\t\t\t\t\t\t<div class=\"icon\">\n                              <span class=\"fa fa-amazon\"><\/span>\n              \t\t\t\t\t\t<\/div>\n\t\t\t\t\t\t\t\t\t\t\t\t\t\t\t\t\t\t<div class=\"name\">\n\t\t\t\t\t\t\t<span >\n\t\t\t\t\t\t\t\tBesitzer von 7 Alexas\t\t\t\t\t\t\t<\/span>\n\t\t\t\t\t\t<\/div>\n\t\t\t\t\t\t\t\t\t\t\t<\/div>\n\t\t\t\t<\/div>\n\t\t\t\t\t\t\t\t<!-- fuct item -->\n\t\t\t\t<div class=\"col col-d-3 col-t-3 col-m-6 border-line-v\">\n\t\t\t\t\t<div class=\"fuct-item\">\n\t\t\t\t\t\t\t\t\t\t\t\t<div class=\"icon\">\n                              <span class=\"fa fa-code\"><\/span>\n              \t\t\t\t\t\t<\/div>\n\t\t\t\t\t\t\t\t\t\t\t\t\t\t\t\t\t\t<div class=\"name\">\n\t\t\t\t\t\t\t<span >\n\t\t\t\t\t\t\t\t2 Hackatons besucht\t\t\t\t\t\t\t<\/span>\n\t\t\t\t\t\t<\/div>\n\t\t\t\t\t\t\t\t\t\t\t<\/div>\n\t\t\t\t<\/div>\n\t\t\t\t\t\t\t\t<!-- fuct item -->\n\t\t\t\t<div class=\"col col-d-3 col-t-3 col-m-6 border-line-v\">\n\t\t\t\t\t<div class=\"fuct-item\">\n\t\t\t\t\t\t\t\t\t\t\t\t<div class=\"icon\">\n                              <span class=\"fa fa-coffee\"><\/span>\n              \t\t\t\t\t\t<\/div>\n\t\t\t\t\t\t\t\t\t\t\t\t\t\t\t\t\t\t<div class=\"name\">\n\t\t\t\t\t\t\t<span >\n\t\t\t\t\t\t\t\t2.574 Tassen Kaffee getrunken\t\t\t\t\t\t\t<\/span>\n\t\t\t\t\t\t<\/div>\n\t\t\t\t\t\t\t\t\t\t\t<\/div>\n\t\t\t\t<\/div>\n\t\t\t\t\n\t\t\t\t<div class=\"clear\"><\/div>\n\t\t\t<\/div>\n\t\t\t\n\t\t<\/div>\n\n\t\t\t\t\t\t<\/div>\n\t\t\t\t<\/div>\n\t\t\t\t\t<\/div>\n\t\t<\/div>\n\t\t\t\t\t<\/div>\n\t\t<\/section>\n\t\t\t\t<\/div>\n\t\t","protected":false},"excerpt":{"rendered":"<p>\u00dcber mich Hallo! Ich bin Wolfgang Linz.Seit nun mehr als 21 Jahren code ich aus Leidenschaft die verschiedensten Projekte. Mein&#8230;<\/p>\n","protected":false},"author":1,"featured_media":0,"parent":0,"menu_order":0,"comment_status":"closed","ping_status":"closed","template":"template-elementor-builder.php","meta":{"footnotes":""},"class_list":["post-150","page","type-page","status-publish","hentry"],"jetpack_sharing_enabled":true,"_links":{"self":[{"href":"https:\/\/wolfgang-linz.de\/index.php\/wp-json\/wp\/v2\/pages\/150","targetHints":{"allow":["GET"]}}],"collection":[{"href":"https:\/\/wolfgang-linz.de\/index.php\/wp-json\/wp\/v2\/pages"}],"about":[{"href":"https:\/\/wolfgang-linz.de\/index.php\/wp-json\/wp\/v2\/types\/page"}],"author":[{"embeddable":true,"href":"https:\/\/wolfgang-linz.de\/index.php\/wp-json\/wp\/v2\/users\/1"}],"replies":[{"embeddable":true,"href":"https:\/\/wolfgang-linz.de\/index.php\/wp-json\/wp\/v2\/comments?post=150"}],"version-history":[{"count":51,"href":"https:\/\/wolfgang-linz.de\/index.php\/wp-json\/wp\/v2\/pages\/150\/revisions"}],"predecessor-version":[{"id":443,"href":"https:\/\/wolfgang-linz.de\/index.php\/wp-json\/wp\/v2\/pages\/150\/revisions\/443"}],"wp:attachment":[{"href":"https:\/\/wolfgang-linz.de\/index.php\/wp-json\/wp\/v2\/media?parent=150"}],"curies":[{"name":"wp","href":"https:\/\/api.w.org\/{rel}","templated":true}]}}